{"id":963,"date":"2019-07-23T15:37:41","date_gmt":"2019-07-23T13:37:41","guid":{"rendered":"http:\/\/54.37.83.197\/?page_id=963"},"modified":"2023-06-27T09:40:31","modified_gmt":"2023-06-27T07:40:31","slug":"about","status":"publish","type":"page","link":"https:\/\/www.erosi.fr\/","title":{"rendered":"Le GIE EROSI"},"content":{"rendered":"<div id='av_section_1' class='avia-section main_color avia-section-default avia-no-border-styling avia-full-stretch av-parallax-section av-section-color-overlay-active avia-bg-style-parallax  avia-builder-el-0  el_before_av_section  avia-builder-el-first    av-minimum-height av-minimum-height-custom  container_wrap sidebar_right' style='background-color: #e2e2e2;  '  data-section-bg-repeat='stretch'><div class='av-parallax' data-avia-parallax-ratio='0.3' ><div class='av-parallax-inner main_color  avia-full-stretch' style = 'background-color: #e2e2e2; background-repeat: no-repeat; background-image: url(https:\/\/www.erosi.fr\/wp-content\/uploads\/2019\/11\/assembleegeneraleGIEEROSI-1500X1000px.jpg);background-attachment: scroll; background-position: center left; ' ><\/div><\/div><div class='av-section-color-overlay-wrap'><div class='av-section-color-overlay' style='opacity: 0.5; background-image: url(https:\/\/www.erosi.fr\/wp-content\/themes\/enfold\/images\/background-images\/wool-diagonal-for-dark-background.png); background-repeat: repeat;'><\/div><div class='container' style='height:300px'><main  role=\"main\" itemprop=\"mainContentOfPage\"  class='template-page content  av-content-small alpha units'><div class='post-entry post-entry-type-page post-entry-963'><div class='entry-content-wrapper clearfix'>\n<div style='padding-bottom:10px; color:#ffffff;font-size:40px;' class='av-special-heading av-special-heading-h5 custom-color-heading blockquote modern-quote  avia-builder-el-1  avia-builder-el-no-sibling   av-inherit-size '><h5 class='av-special-heading-tag '  itemprop=\"headline\"  >LE GIE EROSI<\/h5><div class ='av-subheading av-subheading_below av_custom_color ' style='font-size:16px;'><p>\u00ab\u00a0EUSKAL HERRITIK EROSI\u00a0\u00bb, les achats depuis le Pays Basque<\/p>\n<\/div><div class='special-heading-border'><div class='special-heading-inner-border' style='border-color:#ffffff'><\/div><\/div><\/div>\n\n<\/div><\/div><\/main><!-- close content main element --><\/div><\/div><\/div><div id='av_section_2' class='avia-section main_color avia-section-default avia-no-border-styling avia-bg-style-scroll  avia-builder-el-2  el_after_av_section  el_before_av_section    container_wrap sidebar_right' style=' '  ><div class='container' ><div class='template-page content  av-content-small alpha units'><div class='post-entry post-entry-type-page post-entry-963'><div class='entry-content-wrapper clearfix'>\n<div class=\"flex_column av_one_third  flex_column_div av-zero-column-padding first  avia-builder-el-3  el_before_av_one_third  avia-builder-el-first  \" style='border-radius:0px; '><article class=\"iconbox iconbox_top av-no-box   avia-builder-el-4  avia-builder-el-no-sibling   \"  itemscope=\"itemscope\" itemtype=\"https:\/\/schema.org\/CreativeWork\" ><div class=\"iconbox_content\"><header class=\"entry-content-header\"><div class=\"iconbox_icon heading-color \" aria-hidden='true' data-av_icon='\ue80b' data-av_iconfont='entypo-fontello'  style='background-color:#ffffff; border:1px solid #878787; color:#878787; ' ><\/div><h3 class='iconbox_content_title  '  itemprop=\"headline\"  >65 ADH\u00c9RENTS<\/h3><\/header><div class='iconbox_content_container  '  itemprop=\"text\"  ><p><strong>Localis\u00e9s<\/strong> dans les d\u00e9partements <strong>64<\/strong> (Pyr\u00e9n\u00e9es Atlantiques) et <strong>40<\/strong> (Landes), dans un p\u00e9rim\u00e8tre de 100 kilom\u00e8tres autour du si\u00e8ge du GIE EROSI \u00e0 Lahonce &#8211; Pyr\u00e9n\u00e9es Atlantiques.<br \/>\n<strong>TPE <\/strong>ou<strong> PME<\/strong>, les adh\u00e9rents exercent des activit\u00e9s de production et\/ou de transformation dans les domaines vari\u00e9s de l&rsquo;agroalimentaire : <strong>m\u00e9tiers de la viande et du poisson, condiments, produits laitiers, boissons, conserverie, torr\u00e9faction, confiserie et p\u00e2tisserie<\/strong>\u2026<\/p>\n<\/div><\/div><footer class=\"entry-footer\"><\/footer><\/article><\/div><div class=\"flex_column av_one_third  flex_column_div av-zero-column-padding   avia-builder-el-5  el_after_av_one_third  el_before_av_one_third  \" style='border-radius:0px; '><article class=\"iconbox iconbox_top av-no-box   avia-builder-el-6  avia-builder-el-no-sibling   \"  itemscope=\"itemscope\" itemtype=\"https:\/\/schema.org\/CreativeWork\" ><div class=\"iconbox_content\"><header class=\"entry-content-header\"><div class=\"iconbox_icon heading-color \" aria-hidden='true' data-av_icon='\ue837' data-av_iconfont='entypo-fontello'  style='border:1px solid #878787; color:#878787; ' ><\/div><h3 class='iconbox_content_title  '  itemprop=\"headline\"  >DES VALEURS PILIERS<\/h3><\/header><div class='iconbox_content_container  '  itemprop=\"text\"  ><p>SOLIDARIT\u00c9<br \/>\nENGAGEMENT<br \/>\nPARTAGE<br \/>\nCONVIVIALIT\u00c9<\/p>\n<\/div><\/div><footer class=\"entry-footer\"><\/footer><\/article><\/div><div class=\"flex_column av_one_third  flex_column_div av-zero-column-padding   avia-builder-el-7  el_after_av_one_third  avia-builder-el-last  \" style='border-radius:0px; '><article class=\"iconbox iconbox_top av-no-box   avia-builder-el-8  avia-builder-el-no-sibling   \"  itemscope=\"itemscope\" itemtype=\"https:\/\/schema.org\/CreativeWork\" ><div class=\"iconbox_content\"><header class=\"entry-content-header\"><div class=\"iconbox_icon heading-color \" aria-hidden='true' data-av_icon='\ue833' data-av_iconfont='entypo-fontello'  style='border:1px solid #878787; color:#878787; ' ><\/div><h3 class='iconbox_content_title  '  itemprop=\"headline\"  >DEPUIS 2005<\/h3><\/header><div class='iconbox_content_container  '  itemprop=\"text\"  ><p>Gr\u00e2ce \u00e0 la <strong>mutualisation <\/strong>de leurs achats, le GIE EROSI permet \u00e0 ses adh\u00e9rents d&rsquo;<strong>am\u00e9liorer<\/strong> leurs conditions d&rsquo;achat, et de r\u00e9colter les <strong>b\u00e9n\u00e9fices<\/strong> de leur travail collectif.<br \/>\nA l&rsquo;\u00e9coute des besoins multiples des adh\u00e9rents, une <strong>\u00e9quipe de 4 personnes<\/strong> apporte son expertise : plus de 40 familles d&rsquo;achat n\u00e9goci\u00e9es \u00e0 ce jour.<\/p>\n<\/div><\/div><footer class=\"entry-footer\"><\/footer><\/article><\/div><\/div><\/div><\/div><!-- close content main div --><\/div><\/div><div id='av_section_3' class='avia-section main_color avia-section-default avia-no-border-styling av-section-color-overlay-active avia-bg-style-scroll  avia-builder-el-9  el_after_av_section  el_before_av_section    av-arrow-down-section container_wrap sidebar_right' style='background-color: #878787;  '  ><div class='av-section-color-overlay-wrap'><div class='av-section-color-overlay' style='opacity: 0.2; background-image: url(https:\/\/www.erosi.fr\/wp-content\/themes\/enfold\/images\/background-images\/wool-diagonal-for-dark-background.png); background-repeat: repeat;'><\/div><div class='container' ><div class='template-page content  av-content-small alpha units'><div class='post-entry post-entry-type-page post-entry-963'><div class='entry-content-wrapper clearfix'>\n<div style='padding-bottom:10px; margin:30 30 30 30; color:#ffffff;' class='av-special-heading av-special-heading-h2 custom-color-heading blockquote modern-quote modern-centered  avia-builder-el-10  el_before_av_one_half  avia-builder-el-first   '><div class ='av-subheading av-subheading_above av_custom_color ' style='font-size:15px;'><p>Vous souhaitez<\/p>\n<\/div><h2 class='av-special-heading-tag '  itemprop=\"headline\"  >REJOINDRE LE GIE EROSI ?<\/h2><div class='special-heading-border'><div class='special-heading-inner-border' style='border-color:#ffffff'><\/div><\/div><\/div>\n<div class=\"flex_column av_one_half  flex_column_div av-zero-column-padding first  avia-builder-el-11  el_after_av_heading  el_before_av_one_half  \" style='border-radius:0px; '><article class=\"iconbox iconbox_top main_color    avia-builder-el-12  avia-builder-el-no-sibling   \"  itemscope=\"itemscope\" itemtype=\"https:\/\/schema.org\/CreativeWork\" ><div class=\"iconbox_content\"><header class=\"entry-content-header\"><a href='https:\/\/www.erosi.fr\/index.php\/etre-adherent\/' title='Etre ADH\u00c9RENT ?'  class=\"iconbox_icon heading-color \" aria-hidden='true' data-av_icon='\ue816' data-av_iconfont='entypo-fontello'  style='background-color:#b02b2c; ' ><\/a><h3 class='iconbox_content_title  '  itemprop=\"headline\"  ><a href='https:\/\/www.erosi.fr\/index.php\/etre-adherent\/' title='Etre ADH\u00c9RENT ?' >Etre ADH\u00c9RENT ?<\/a><\/h3><\/header><div class='iconbox_content_container  '  itemprop=\"text\"  ><\/div><\/div><footer class=\"entry-footer\"><\/footer><\/article><\/div><div class=\"flex_column av_one_half  flex_column_div av-zero-column-padding   avia-builder-el-13  el_after_av_one_half  avia-builder-el-last  \" style='border-radius:0px; '><article class=\"iconbox iconbox_top main_color    avia-builder-el-14  avia-builder-el-no-sibling   \"  itemscope=\"itemscope\" itemtype=\"https:\/\/schema.org\/CreativeWork\" ><div class=\"iconbox_content\"><header class=\"entry-content-header\"><a href='https:\/\/www.erosi.fr\/index.php\/devenir-fournisseur\/' title='Devenir FOURNISSEUR R\u00c9F\u00c9RENC\u00c9 ?'  class=\"iconbox_icon heading-color \" aria-hidden='true' data-av_icon='\ue816' data-av_iconfont='entypo-fontello'  style='background-color:#b02b2c; ' ><\/a><h3 class='iconbox_content_title  '  itemprop=\"headline\"  ><a href='https:\/\/www.erosi.fr\/index.php\/devenir-fournisseur\/' title='Devenir FOURNISSEUR R\u00c9F\u00c9RENC\u00c9 ?' >Devenir FOURNISSEUR R\u00c9F\u00c9RENC\u00c9 ?<\/a><\/h3><\/header><div class='iconbox_content_container  '  itemprop=\"text\"  ><\/div><\/div><footer class=\"entry-footer\"><\/footer><\/article><\/div>\n<\/p>\n<\/div><\/div><\/div><!-- close content main div --><\/div><div class='av-extra-border-element border-extra-arrow-down'><div class='av-extra-border-outer'><div class='av-extra-border-inner'  style='background-color:#878787;' ><\/div><\/div><\/div><\/div><\/div><div id='av_section_4' class='avia-section main_color avia-section-default avia-no-border-styling avia-bg-style-scroll  avia-builder-el-15  el_after_av_section  el_before_av_section    container_wrap sidebar_right' style='background-color: #ffffff;  '  ><div class='container' ><div class='template-page content  av-content-small alpha units'><div class='post-entry post-entry-type-page post-entry-963'><div class='entry-content-wrapper clearfix'>\n<div style='height:10px' class='hr hr-invisible   avia-builder-el-16  el_before_av_heading  avia-builder-el-first  '><span class='hr-inner ' ><span class='hr-inner-style'><\/span><\/span><\/div>\n<div style='padding-bottom:10px; margin:30 30 30 30; color:#0c0c0c;' class='av-special-heading av-special-heading-h2 custom-color-heading blockquote modern-quote modern-centered  avia-builder-el-17  el_after_av_hr  el_before_av_hr   '><h2 class='av-special-heading-tag '  itemprop=\"headline\"  >+ DE 40 FAMILLES ACHATS N\u00c9GOCI\u00c9ES<\/h2><div class ='av-subheading av-subheading_below av_custom_color ' style='font-size:15px;'><p>+ de 120 fournisseurs r\u00e9f\u00e9renc\u00e9s \u00e0 ce jour<\/p>\n<\/div><div class='special-heading-border'><div class='special-heading-inner-border' style='border-color:#0c0c0c'><\/div><\/div><\/div>\n<div style=' margin-top:10px; margin-bottom:10px;'  class='hr hr-custom hr-center hr-icon-no   avia-builder-el-18  el_after_av_heading  el_before_av_icongrid  '><span class='hr-inner   inner-border-av-border-thin' style=' width:50px; border-color:#0a0a0a;' ><span class='hr-inner-style'><\/span><\/span><\/div>\n<div class='avia-icon-grid-container   avia-builder-el-19  el_after_av_hr  el_before_av_icongrid  '><ul id='avia-icongrid-69e61e807eaab' class='clearfix avia-icongrid avia-icongrid-flipbox avia-icongrid-numrow-3 avia-icongrid-borders-none avia_animate_when_almost_visible' >\n<li><div class='avia-icongrid-wrapper' ><article  class=\"article-icon-entry \"  itemscope=\"itemscope\" itemtype=\"https:\/\/schema.org\/CreativeWork\" ><div class='avia-icongrid-front' ><div class='avia-icongrid-inner'><div style='color:#b02b2c; ' class='avia-icongrid-icon  avia-font-entypo-fontello'><span class='icongrid-char ' aria-hidden='true' data-av_icon='\ue8b1' data-av_iconfont='entypo-fontello'><\/span><\/div><header class=\"entry-content-header\"><h4 class='av_icongrid_title icongrid_title '  itemprop=\"headline\"  >TRANSPORT ET LOGISTIQUE<\/h4><\/header><\/div><\/div><div class='avia-icongrid-content' ><div class='avia-icongrid-inner' style='color:#878787; '><div class='avia-icongrid-text '  itemprop=\"text\" ><h5>Location v\u00e9hicules<br \/>\nTransport colis inf\u00e9rieur \u00e0 30 kilos<br \/>\nTransport sur vente messagerie et palette<\/h5>\n<\/div><\/div><\/div><\/article><\/div><\/li>\n<li><div class='avia-icongrid-wrapper' ><article  class=\"article-icon-entry \"  itemscope=\"itemscope\" itemtype=\"https:\/\/schema.org\/CreativeWork\" ><div class='avia-icongrid-front' ><div class='avia-icongrid-inner'><div style='color:#b02b2c; ' class='avia-icongrid-icon  avia-font-entypo-fontello'><span class='icongrid-char ' aria-hidden='true' data-av_icon='\ue85a' data-av_iconfont='entypo-fontello'><\/span><\/div><header class=\"entry-content-header\"><h4 class='av_icongrid_title icongrid_title '  itemprop=\"headline\"  >EMBALLAGES<\/h4><\/header><\/div><\/div><div class='avia-icongrid-content' ><div class='avia-icongrid-inner' ><div class='avia-icongrid-text '  itemprop=\"text\" ><h5>Bag In Box<br \/>\nBouteilles verre<br \/>\nCarton ondul\u00e9<br \/>\nEmballages Divers <em>(contact alimentaire, suremballages, exp\u00e9dition, sacs et cabas\u2026)<br \/>\n<\/em>\u00c9tiquettes<br \/>\nPackaging, PLV<br \/>\nPoche sous vide, Films, Barquettes<br \/>\nProduits laitiers (pots, opercules)<br \/>\nVerrines, Bo\u00eetes, Capsules<\/h5>\n<\/div><\/div><\/div><\/article><\/div><\/li>\n<li><div class='avia-icongrid-wrapper' ><article  class=\"article-icon-entry \"  itemscope=\"itemscope\" itemtype=\"https:\/\/schema.org\/CreativeWork\" ><div class='avia-icongrid-front' ><div class='avia-icongrid-inner'><div style='color:#b02b2c; ' class='avia-icongrid-icon  avia-font-entypo-fontello'><span class='icongrid-char ' aria-hidden='true' data-av_icon='\ue863' data-av_iconfont='entypo-fontello'><\/span><\/div><header class=\"entry-content-header\"><h4 class='av_icongrid_title icongrid_title '  itemprop=\"headline\"  >MATI\u00c8RES ET INGR\u00c9DIENTS ALIMENTAIRES<\/h4><\/header><\/div><\/div><div class='avia-icongrid-content' ><div class='avia-icongrid-inner' ><div class='avia-icongrid-text '  itemprop=\"text\" ><h5>Boyaux<br \/>\nProduits alimentaires <em>(\u00e9picerie, frais, surgel\u00e9s)<\/em><\/h5>\n<\/div><\/div><\/div><\/article><\/div><\/li>\n<\/ul><\/div>\n<div class='avia-icon-grid-container   avia-builder-el-20  el_after_av_icongrid  avia-builder-el-last  '><ul id='avia-icongrid-69e61e807ee95' class='clearfix avia-icongrid avia-icongrid-flipbox avia-icongrid-numrow-3 avia-icongrid-borders-none avia_animate_when_almost_visible' >\n<li><div class='avia-icongrid-wrapper' ><article  class=\"article-icon-entry \"  itemscope=\"itemscope\" itemtype=\"https:\/\/schema.org\/CreativeWork\" ><div class='avia-icongrid-front' ><div class='avia-icongrid-inner'><div style='color:#b02b2c; ' class='avia-icongrid-icon  avia-font-entypo-fontello'><span class='icongrid-char ' aria-hidden='true' data-av_icon='\ue8b0' data-av_iconfont='entypo-fontello'><\/span><\/div><header class=\"entry-content-header\"><h4 class='av_icongrid_title icongrid_title '  itemprop=\"headline\"  >SERVICES ET PRODUITS G\u00c9N\u00c9RAUX<\/h4><\/header><\/div><\/div><div class='avia-icongrid-content' ><div class='avia-icongrid-inner' ><div class='avia-icongrid-text '  itemprop=\"text\" ><h5>Animation, Merchandising<br \/>\nD\u00e9mat\u00e9rialisation de documents<br \/>\nCarte Carburant<br \/>\nCompl\u00e9mentaire sant\u00e9<br \/>\nCopieurs multifonctions<br \/>\nFournitures administratives<br \/>\nGestion paie et services associ\u00e9s<br \/>\nInt\u00e9rim, Recrutement<br \/>\nMarketing direct (Routage)<\/h5>\n<\/div><\/div><\/div><\/article><\/div><\/li>\n<li><div class='avia-icongrid-wrapper' ><article  class=\"article-icon-entry \"  itemscope=\"itemscope\" itemtype=\"https:\/\/schema.org\/CreativeWork\" ><div class='avia-icongrid-front' ><div class='avia-icongrid-inner'><div style='color:#b02b2c; ' class='avia-icongrid-icon  avia-font-entypo-fontello'><span class='icongrid-char ' aria-hidden='true' data-av_icon='\ue894' data-av_iconfont='entypo-fontello'><\/span><\/div><header class=\"entry-content-header\"><h4 class='av_icongrid_title icongrid_title '  itemprop=\"headline\"  >QUALIT\u00c9, ENVIRONNEMENT, S\u00c9CURIT\u00c9<\/h4><\/header><\/div><\/div><div class='avia-icongrid-content' ><div class='avia-icongrid-inner' ><div class='avia-icongrid-text '  itemprop=\"text\" ><h5>Analyses laboratoires<br \/>\nContr\u00f4les r\u00e9glementaires (sanitaire, m\u00e9trologie, s\u00e9curit\u00e9)<br \/>\nLocation v\u00eatements<br \/>\nNettoyage des locaux<br \/>\nProduits d\u2019hygi\u00e8ne, Equipements de protection<br \/>\nTraitement des d\u00e9chets<\/h5>\n<\/div><\/div><\/div><\/article><\/div><\/li>\n<li><div class='avia-icongrid-wrapper' ><article  class=\"article-icon-entry \"  itemscope=\"itemscope\" itemtype=\"https:\/\/schema.org\/CreativeWork\" ><div class='avia-icongrid-front' ><div class='avia-icongrid-inner'><div style='color:#b02b2c; ' class='avia-icongrid-icon  avia-font-entypo-fontello'><span class='icongrid-char ' aria-hidden='true' data-av_icon='\ue8da' data-av_iconfont='entypo-fontello'><\/span><\/div><header class=\"entry-content-header\"><h4 class='av_icongrid_title icongrid_title '  itemprop=\"headline\"  >SERVICES ET PRODUITS INDUSTRIELS<\/h4><\/header><\/div><\/div><div class='avia-icongrid-content' ><div class='avia-icongrid-inner' ><div class='avia-icongrid-text '  itemprop=\"text\" ><h5>\u00c9nergie (\u00e9lectricit\u00e9, gaz)<br \/>\n\u00c9quipements fin de ligne<br \/>\nInformatique, ERP<br \/>\nMaintenance, travaux neufs<br \/>\nPetits mat\u00e9riels pour l&rsquo;agroalimentaire<br \/>\nSolutions d&rsquo;impression<br \/>\nSolutions pour magasins<br \/>\nService achat \u00e0 la demande (\u00e9quipements techniques ou industriels)<\/h5>\n<\/div><\/div><\/div><\/article><\/div><\/li>\n<\/ul><\/div>\n\n<\/div><\/div><\/div><!-- close content main div --><\/div><\/div><div id='av_section_5' class='avia-section main_color avia-section-default avia-no-border-styling av-section-color-overlay-active avia-bg-style-scroll  avia-builder-el-21  el_after_av_section  avia-builder-el-last    av-small-hide av-mini-hide container_wrap sidebar_right' style='background-color: #b02b2c;  '  ><div class='av-section-color-overlay-wrap'><div class='av-section-color-overlay' style='opacity: 0.5; background-image: url(https:\/\/www.erosi.fr\/wp-content\/themes\/enfold\/images\/background-images\/wool-diagonal-for-dark-background.png); background-repeat: repeat;'><\/div><div class='container' ><div class='template-page content  av-content-small alpha units'><div class='post-entry post-entry-type-page post-entry-963'><div class='entry-content-wrapper clearfix'>\n<div style='padding-bottom:10px; color:#ffffff;' class='av-special-heading av-special-heading-h2 custom-color-heading blockquote modern-quote modern-centered  avia-builder-el-22  el_before_av_hr  avia-builder-el-first   '><div class ='av-subheading av-subheading_above av_custom_color ' style='font-size:15px;'><p>LE GIE EROSI<\/p>\n<\/div><h2 class='av-special-heading-tag '  itemprop=\"headline\"  >EN QUELQUES CHIFFRES<\/h2><div class='special-heading-border'><div class='special-heading-inner-border' style='border-color:#ffffff'><\/div><\/div><\/div>\n<div style=' margin-top:10px; margin-bottom:30px;'  class='hr hr-custom hr-center hr-icon-no   avia-builder-el-23  el_after_av_heading  el_before_av_one_fourth  '><span class='hr-inner   inner-border-av-border-thin' style=' width:50px; border-color:#ffffff;' ><span class='hr-inner-style'><\/span><\/span><\/div>\n<div class=\"flex_column av_one_fourth  flex_column_div av-zero-column-padding first  avia-builder-el-24  el_after_av_hr  el_before_av_one_fourth  \" style='border-radius:0px; '><div class=\"avia-animated-number av-force-default-color  avia-color-font-light  avia-builder-el-25  avia-builder-el-no-sibling   avia_animate_when_visible\"  data-timer=\"3000\"><strong class=\"heading avia-animated-number-title\" ><span class=\"avia-no-number\">+ de <\/span><span class=\"avia-single-number __av-single-number\" data-number_format=\"\" data-number=\"25\">25<\/span><span class=\"avia-no-number\"> Millions \u20ac<\/span><\/strong><div class='avia-animated-number-content' ><p>de POTENTIEL D&rsquo;ACHAT<\/p>\n<\/div><\/div><\/div><div class=\"flex_column av_one_fourth  flex_column_div av-zero-column-padding   avia-builder-el-26  el_after_av_one_fourth  el_before_av_one_fourth  \" style='border-radius:0px; '><div class=\"avia-animated-number av-force-default-color  avia-color-font-light  avia-builder-el-27  avia-builder-el-no-sibling   avia_animate_when_visible\"  data-timer=\"3000\"><strong class=\"heading avia-animated-number-title\" ><span class=\"avia-no-number\">+ de <\/span><span class=\"avia-single-number __av-single-number\" data-number_format=\"\" data-number=\"1300\">1300<\/span><\/strong><div class='avia-animated-number-content' ><p>SALARIES parmi les adh\u00e9rents<\/p>\n<\/div><\/div><\/div><div class=\"flex_column av_one_fourth  flex_column_div av-zero-column-padding   avia-builder-el-28  el_after_av_one_fourth  el_before_av_one_fourth  \" style='border-radius:0px; '><div class=\"avia-animated-number av-force-default-color  avia-color-font-light  avia-builder-el-29  avia-builder-el-no-sibling   avia_animate_when_visible\"  data-timer=\"3000\"><strong class=\"heading avia-animated-number-title\" ><span class=\"avia-single-number __av-single-number\" data-number_format=\"\" data-number=\"65\">65<\/span><\/strong><div class='avia-animated-number-content' ><p>SITES DE PRODUCTION<\/p>\n<\/div><\/div><\/div><div class=\"flex_column av_one_fourth  flex_column_div av-zero-column-padding   avia-builder-el-30  el_after_av_one_fourth  avia-builder-el-last  \" style='border-radius:0px; '><div class=\"avia-animated-number av-force-default-color  avia-color-font-light  avia-builder-el-31  avia-builder-el-no-sibling   avia_animate_when_visible\"  data-timer=\"3000\"><strong class=\"heading avia-animated-number-title\" ><span class=\"avia-no-number\">+ de <\/span><span class=\"avia-single-number __av-single-number\" data-number_format=\"\" data-number=\"120\">120<\/span><\/strong><div class='avia-animated-number-content' ><p>MAGASINS en Aquitaine<\/p>\n<\/div><\/div><\/div><\/div><\/div><\/div><!-- close content main div --><\/div><\/div><\/div><div id='after_section_5' class='main_color av_default_container_wrap container_wrap sidebar_right' style=' '  ><div class='container' ><div class='template-page content  av-content-small alpha units'><div class='post-entry post-entry-type-page post-entry-963'><div class='entry-content-wrapper clearfix'>\n","protected":false},"excerpt":{"rendered":"","protected":false},"author":1,"featured_media":0,"parent":0,"menu_order":0,"comment_status":"closed","ping_status":"closed","template":"","meta":[],"_links":{"self":[{"href":"https:\/\/www.erosi.fr\/index.php\/wp-json\/wp\/v2\/pages\/963"}],"collection":[{"href":"https:\/\/www.erosi.fr\/index.php\/wp-json\/wp\/v2\/pages"}],"about":[{"href":"https:\/\/www.erosi.fr\/index.php\/wp-json\/wp\/v2\/types\/page"}],"author":[{"embeddable":true,"href":"https:\/\/www.erosi.fr\/index.php\/wp-json\/wp\/v2\/users\/1"}],"replies":[{"embeddable":true,"href":"https:\/\/www.erosi.fr\/index.php\/wp-json\/wp\/v2\/comments?post=963"}],"version-history":[{"count":238,"href":"https:\/\/www.erosi.fr\/index.php\/wp-json\/wp\/v2\/pages\/963\/revisions"}],"predecessor-version":[{"id":1490,"href":"https:\/\/www.erosi.fr\/index.php\/wp-json\/wp\/v2\/pages\/963\/revisions\/1490"}],"wp:attachment":[{"href":"https:\/\/www.erosi.fr\/index.php\/wp-json\/wp\/v2\/media?parent=963"}],"curies":[{"name":"wp","href":"https:\/\/api.w.org\/{rel}","templated":true}]}}