{"id":894,"date":"2019-07-23T15:10:56","date_gmt":"2019-07-23T13:10:56","guid":{"rendered":"http:\/\/54.37.83.197\/?page_id=894"},"modified":"2020-07-21T10:11:14","modified_gmt":"2020-07-21T08:11:14","slug":"devenir-fournisseur","status":"publish","type":"page","link":"https:\/\/www.erosi.fr\/index.php\/devenir-fournisseur\/","title":{"rendered":"Devenir fournisseur"},"content":{"rendered":"<div id='av_section_1' class='avia-section main_color avia-section-default avia-no-border-styling avia-full-stretch av-parallax-section av-section-color-overlay-active avia-bg-style-parallax  avia-builder-el-0  el_before_av_section  avia-builder-el-first    av-arrow-down-section av-minimum-height av-minimum-height-custom  container_wrap sidebar_right' style='background-color: #e2e2e2;  '  data-section-bg-repeat='stretch'><div class='av-parallax' data-avia-parallax-ratio='0.3' ><div class='av-parallax-inner main_color  avia-full-stretch' style = 'background-color: #e2e2e2; background-repeat: no-repeat; background-image: url(https:\/\/www.erosi.fr\/wp-content\/uploads\/2019\/06\/illustration-devenir-frn11500x1000px.jpg);background-attachment: scroll; background-position: center center; ' ><\/div><\/div><div class='av-section-color-overlay-wrap'><div class='av-section-color-overlay' style='opacity: 0.5; background-image: url(https:\/\/www.erosi.fr\/wp-content\/themes\/enfold\/images\/background-images\/wool-diagonal-for-dark-background.png); background-repeat: repeat;'><\/div><div class='container' style='height:300px'><main  role=\"main\" itemprop=\"mainContentOfPage\"  class='template-page content  av-content-small alpha units'><div class='post-entry post-entry-type-page post-entry-894'><div class='entry-content-wrapper clearfix'>\n<div style='padding-bottom:10px; color:#ffffff;font-size:35px;' class='av-special-heading av-special-heading-h5 custom-color-heading blockquote modern-quote modern-centered  avia-builder-el-1  avia-builder-el-no-sibling   av-inherit-size '><h5 class='av-special-heading-tag '  itemprop=\"headline\"  >DEVENIR UN FOURNISSEUR R\u00c9F\u00c9RENC\u00c9<\/h5><div class='special-heading-border'><div class='special-heading-inner-border' style='border-color:#ffffff'><\/div><\/div><\/div>\n\n<\/div><\/div><\/main><!-- close content main element --><\/div><div class='av-extra-border-element border-extra-arrow-down'><div class='av-extra-border-outer'><div class='av-extra-border-inner'  style='background-color:#e2e2e2;' ><\/div><\/div><\/div><\/div><\/div><div id='av_section_2' class='avia-section main_color avia-section-default avia-no-border-styling avia-bg-style-scroll  avia-builder-el-2  el_after_av_section  el_before_av_section    av-arrow-down-section container_wrap sidebar_right' style='background-color: #ffffff;  '  ><div class='container' ><div class='template-page content  av-content-small alpha units'><div class='post-entry post-entry-type-page post-entry-894'><div class='entry-content-wrapper clearfix'>\n<div style='padding-bottom:10px; ' class='av-special-heading av-special-heading-h3  blockquote modern-quote modern-centered  avia-builder-el-3  el_before_av_hr  avia-builder-el-first   '><h3 class='av-special-heading-tag '  itemprop=\"headline\"  >T\u00c9MOIGNAGES<\/h3><div class='special-heading-border'><div class='special-heading-inner-border' ><\/div><\/div><\/div>\n<div style=' margin-top:10px; margin-bottom:30px;'  class='hr hr-custom hr-center hr-icon-no   avia-builder-el-4  el_after_av_heading  el_before_av_testimonials  '><span class='hr-inner   inner-border-av-border-thin' style=' width:50px;' ><span class='hr-inner-style'><\/span><\/span><\/div>\n<div  data-autoplay='1'  data-interval='8'  data-animation='fade'  data-hoverpause='1'  class='avia-testimonial-wrapper avia-slider-testimonials avia-slider-2-testimonials avia_animate_when_almost_visible  av-large-testimonial-slider  '>\n<section class ='avia-testimonial-row'><div class='avia-testimonial av_one_half flex_column no_margin avia-testimonial-row-1 avia-first-testimonial'  itemscope=\"itemscope\" itemtype=\"https:\/\/schema.org\/Person\" ><div class='avia-testimonial_inner'><div class='avia-testimonial-content '    itemscope=\"itemscope\" itemtype=\"https:\/\/schema.org\/CreativeWork\" ><p>Le r\u00e9f\u00e9rencement par le GIE EROSI a permis \u00e0 notre entreprise <strong>d&rsquo;acc\u00e9der \u00e0 un march\u00e9 consolid\u00e9<\/strong> d&rsquo;une soixantaine d&rsquo;entreprises.<\/p>\n<\/div><div class='avia-testimonial-meta'><div class='avia-testimonial-arrow-wrap'><div class='avia-arrow'><\/div><\/div><div class='avia-testimonial-meta-mini'><strong  class='avia-testimonial-name'    itemprop=\"name\" >Michel L.<\/strong><span  class='avia-testimonial-subtitle '    itemprop=\"jobTitle\" >G\u00e9rant d\u2019une soci\u00e9t\u00e9 r\u00e9f\u00e9renc\u00e9e<\/span><\/div><\/div><\/div><\/div>\n<div class='avia-testimonial av_one_half flex_column no_margin avia-testimonial-row-1 '  itemscope=\"itemscope\" itemtype=\"https:\/\/schema.org\/Person\" ><div class='avia-testimonial_inner'><div class='avia-testimonial-content '    itemscope=\"itemscope\" itemtype=\"https:\/\/schema.org\/CreativeWork\" ><p>Quel plaisir de pouvoir concilier l&rsquo;utile \u00e0 l&rsquo;agr\u00e9able : lorsque je rends visite \u00e0 mes clients du GIE, j&rsquo;en profite pour faire mon march\u00e9 de bons produits ! J&rsquo;esp\u00e8re \u00eatre invit\u00e9 encore longtemps au buffet annuel avec les adh\u00e9rents !<\/p>\n<\/div><div class='avia-testimonial-meta'><div class='avia-testimonial-arrow-wrap'><div class='avia-arrow'><\/div><\/div><div class='avia-testimonial-meta-mini'><strong  class='avia-testimonial-name'    itemprop=\"name\" >S\u00e9bastien G.<\/strong><span  class='avia-testimonial-subtitle '    itemprop=\"jobTitle\" >Technico-commercial d\u2019une soci\u00e9t\u00e9 r\u00e9f\u00e9renc\u00e9e<\/span><\/div><\/div><\/div><\/div>\n<div class='avia-testimonial av_one_half flex_column no_margin avia-testimonial-row-1 '  itemscope=\"itemscope\" itemtype=\"https:\/\/schema.org\/Person\" ><div class='avia-testimonial_inner'><div class='avia-testimonial-content '    itemscope=\"itemscope\" itemtype=\"https:\/\/schema.org\/CreativeWork\" ><header class=\"entry-content-header\">\n<p class=\"av_iconlist_title iconlist_title \">Nous avons \u00e9t\u00e9 choisis et r\u00e9f\u00e9renc\u00e9s et depuis, les d\u00e9marchages des commerciaux sont <strong>plus simples<\/strong> sur le terrain : ils sont re\u00e7us <strong>plus facilement<\/strong> par les soci\u00e9t\u00e9s du groupement.<\/p>\n<\/header>\n<\/div><div class='avia-testimonial-meta'><div class='avia-testimonial-arrow-wrap'><div class='avia-arrow'><\/div><\/div><div class='avia-testimonial-meta-mini'><strong  class='avia-testimonial-name'    itemprop=\"name\" >Patricia T.<\/strong><span  class='avia-testimonial-subtitle '    itemprop=\"jobTitle\" >Responsable des ventes Sud-Ouest d\u2019une soci\u00e9t\u00e9 r\u00e9f\u00e9renc\u00e9e<\/span><\/div><\/div><\/div><\/div>\n<\/section><div class='avia-slideshow-arrows avia-slideshow-controls' ><a href='#prev' class='prev-slide' aria-hidden='true' data-av_icon='\ue87c' data-av_iconfont='entypo-fontello'>Pr\u00e9c\u00e9dent<\/a><a href='#next' class='next-slide' aria-hidden='true' data-av_icon='\ue87d' data-av_iconfont='entypo-fontello'>Suivant<\/a><\/div><\/div>\n\n<\/div><\/div><\/div><!-- close content main div --><\/div><div class='av-extra-border-element border-extra-arrow-down'><div class='av-extra-border-outer'><div class='av-extra-border-inner'  style='background-color:#ffffff;' ><\/div><\/div><\/div><\/div><div id='av_section_3' class='avia-section main_color avia-section-default avia-no-border-styling avia-bg-style-scroll  avia-builder-el-6  el_after_av_section  el_before_av_one_full    av-arrow-down-section container_wrap sidebar_right' style='background-color: #e2e2e2;  '  ><div class='container' ><div class='template-page content  av-content-small alpha units'><div class='post-entry post-entry-type-page post-entry-894'><div class='entry-content-wrapper clearfix'>\n<div class=\"flex_column av_one_fourth  flex_column_div av-zero-column-padding first  avia-builder-el-7  el_before_av_one_half  avia-builder-el-first   \" style='border-radius:0px; '><\/div><div class=\"flex_column av_one_half  flex_column_div av-zero-column-padding   avia-builder-el-8  el_after_av_one_fourth  el_before_av_one_fourth   \" style='border-radius:0px; '><p><div style='padding-bottom:10px; ' class='av-special-heading av-special-heading-h3  blockquote modern-quote modern-centered  avia-builder-el-9  el_before_av_hr  avia-builder-el-first   '><h3 class='av-special-heading-tag '  itemprop=\"headline\"  >ENGAGEMENTS<\/h3><div class ='av-subheading av-subheading_below  ' style='font-size:15px;'><p>du fournisseur r\u00e9f\u00e9renc\u00e9 aupr\u00e8s du GIE EROSI<\/p>\n<\/div><div class='special-heading-border'><div class='special-heading-inner-border' ><\/div><\/div><\/div><br \/>\n<div style=' margin-top:10px; margin-bottom:10px;'  class='hr hr-custom hr-center hr-icon-no   avia-builder-el-10  el_after_av_heading  el_before_av_textblock  '><span class='hr-inner   inner-border-av-border-thin' style=' width:50px; border-color:#ffffff;' ><span class='hr-inner-style'><\/span><\/span><\/div><br \/>\n<section class=\"av_textblock_section \"  itemscope=\"itemscope\" itemtype=\"https:\/\/schema.org\/CreativeWork\" ><div class='avia_textblock  '   itemprop=\"text\" ><ul>\n<li>\n<h6>Assurer les prospections commerciales directement aupr\u00e8s des adh\u00e9rents<\/h6>\n<\/li>\n<li>\n<h6>G\u00e9rer les achats des adh\u00e9rents d&rsquo;un point de vue administratif (commande, livraison, facturation) et technique (qualit\u00e9 produits, ad\u00e9quation du besoin&#8230;)<\/h6>\n<\/li>\n<li>\n<h6>Appliquer aux adh\u00e9rents les conditions commerciales et tarifaires n\u00e9goci\u00e9es<\/h6>\n<\/li>\n<li>\n<h6>Transmettre au GIE EROSI chiffres d&rsquo;affaires, devis compl\u00e9mentaires, sp\u00e9cifications, statistiques&#8230;<\/h6>\n<\/li>\n<li>\n<h6>Respecter la contractualisation propos\u00e9e (paiement de la commission d&rsquo;interm\u00e9diation, d\u00e9lai de r\u00e8glement&#8230;)<\/h6>\n<\/li>\n<\/ul>\n<\/div><\/section><\/p><\/div><div class=\"flex_column av_one_fourth  flex_column_div av-zero-column-padding   avia-builder-el-12  el_after_av_one_half  avia-builder-el-last   \" style='border-radius:0px; '><\/div>\n<\/div><\/div><\/div><!-- close content main div --><\/div><div class='av-extra-border-element border-extra-arrow-down'><div class='av-extra-border-outer'><div class='av-extra-border-inner'  style='background-color:#e2e2e2;' ><\/div><\/div><\/div><\/div><div id='after_section_3' class='main_color av_default_container_wrap container_wrap sidebar_right' style=' '  ><div class='container' ><div class='template-page content  av-content-small alpha units'><div class='post-entry post-entry-type-page post-entry-894'><div class='entry-content-wrapper clearfix'>\n<div class=\"flex_column av_one_full  flex_column_div av-zero-column-padding first  avia-builder-el-13  el_after_av_section  avia-builder-el-no-sibling  \" style='border-radius:0px; '><p><div style='padding-bottom:10px; ' class='av-special-heading av-special-heading-h3  blockquote modern-quote modern-centered  avia-builder-el-14  el_before_av_hr  avia-builder-el-first   '><h3 class='av-special-heading-tag '  itemprop=\"headline\"  >PROC\u00c9DURE DE R\u00c9F\u00c9RENCEMENT<\/h3><div class='special-heading-border'><div class='special-heading-inner-border' ><\/div><\/div><\/div><br \/>\n<div style=' margin-top:10px; margin-bottom:10px;'  class='hr hr-custom hr-center hr-icon-no   avia-builder-el-15  el_after_av_heading  el_before_av_timeline  '><span class='hr-inner   inner-border-av-border-thin' style=' width:50px;' ><span class='hr-inner-style'><\/span><\/span><\/div><br \/>\n<div id='avia-timeline-6a085c6ce6757' class='avia-timeline-container    avia-builder-el-16  el_after_av_hr  avia-builder-el-last  ' ><ul class='avia-timeline avia-timeline-vertical av-milestone-placement-alternate avia-timeline-boxshadow avia_animate_when_almost_visible '>\n<li class='av-milestone av-animated-generic fade-in av-milestone-odd  av-milestone-valign-baseline'><h2 class='av-milestone-date  '  id='milestone-1'><strong>1<span class='av-milestone-indicator'><\/span><\/strong><\/h2><div class=\"av-milestone-icon-wrap\"><span class='milestone_icon avia-font-entypo-fontello' ><span class='milestone_inner' ><i class='milestone-char' aria-hidden='true' data-av_icon='\ue805' data-av_iconfont='entypo-fontello'><\/i><\/span><\/span><\/div><article class='av-milestone-content-wrap'><div class='av-milestone-contentbox' ><header class=\"entry-content-header\"><h4  class=' '>Vous pr\u00e9senter<\/h4><\/header><div class='av-milestone-content' ><p>Envoyer les informations sur votre soci\u00e9t\u00e9, vos produits ou services et vos coordonn\u00e9es via la page <a href=\"https:\/\/www.erosi.fr\/index.php\/contact\/\" target=\"_blank\" rel=\"noopener noreferrer\">\u00ab\u00a0Contact\u00a0\u00bb<\/a><\/p>\n<\/div><\/div><footer  class='entry-footer'><\/footer><\/article><\/li>\n<li class='av-milestone av-animated-generic fade-in av-milestone-even  av-milestone-valign-baseline'><h2 class='av-milestone-date  '  id='milestone-2'><strong>2<span class='av-milestone-indicator'style='background-color:#b02b2c; '><\/span><\/strong><\/h2><article class='av-milestone-content-wrap'><div class='av-milestone-contentbox' ><header class=\"entry-content-header\"><h4  class=' '>Enregistrement<\/h4><\/header><div class='av-milestone-content' ><p>L&rsquo;\u00e9quipe du GIE EROSI int\u00e8gre les \u00e9l\u00e9ments du fournisseur dans sa <strong>base de donn\u00e9es \u00ab\u00a0sourcing\u00a0\u00bb<\/strong> dans la (ou les) famille(s) d\u2019achats correspondant au(x) domaine(s) de comp\u00e9tences<\/p>\n<\/div><\/div><footer style='background-color:#b02b2c; ' class='entry-footer'><\/footer><\/article><div class=\"av-milestone-icon-wrap\"><span class='milestone_icon avia-font-entypo-fontello' ><span class='milestone_inner' style='background-color:#b02b2c; '><i class='milestone-char' aria-hidden='true' data-av_icon='\ue86c' data-av_iconfont='entypo-fontello'><\/i><\/span><\/span><\/div><h2 class='av-milestone-date  '  id='milestone-2'><strong>2<span class='av-milestone-indicator'style='background-color:#b02b2c; '><\/span><\/strong><\/h2><\/li>\n<li class='av-milestone av-animated-generic fade-in av-milestone-odd  av-milestone-valign-baseline'><h2 class='av-milestone-date  '  id='milestone-3'><strong>3<span class='av-milestone-indicator'style='background-color:#b02b2c; '><\/span><\/strong><\/h2><div class=\"av-milestone-icon-wrap\"><span class='milestone_icon avia-font-entypo-fontello' ><span class='milestone_inner' style='background-color:#b02b2c; '><i class='milestone-char' aria-hidden='true' data-av_icon='\ue803' data-av_iconfont='entypo-fontello'><\/i><\/span><\/span><\/div><article class='av-milestone-content-wrap'><div class='av-milestone-contentbox' ><header class=\"entry-content-header\"><h4  class=' '>Appel d\u2019offres<\/h4><\/header><div class='av-milestone-content' ><p>Lors d&rsquo;une consultation, le fournisseur peut-\u00eatre <b>consult\u00e9<\/b> par le GIE EROSI et par la suite \u00eatre <b>pr\u00e9s\u00e9lectionn\u00e9<\/b>\u00a0selon les crit\u00e8res d\u2019achat d\u00e9finis<\/p>\n<\/div><\/div><footer style='background-color:#b02b2c; ' class='entry-footer'><\/footer><\/article><\/li>\n<li class='av-milestone av-animated-generic fade-in av-milestone-even  av-milestone-valign-baseline'><h2 class='av-milestone-date  '  id='milestone-4'><strong>4<span class='av-milestone-indicator'><\/span><\/strong><\/h2><article class='av-milestone-content-wrap'><div class='av-milestone-contentbox' ><header class=\"entry-content-header\"><h4  class=' '>Venir en commission d\u2019achat<\/h4><\/header><div class='av-milestone-content' ><p>Si votre offre est <strong>pr\u00e9s\u00e9lectionn\u00e9e<\/strong>, vous serez invit\u00e9 \u00e0 venir argumenter votre proposition devant une commission d&rsquo;achat <strong>compos\u00e9e d&rsquo;adh\u00e9rents<\/strong> et de membres de l&rsquo;\u00e9quipe du GIE EROSI.<\/p>\n<\/div><\/div><footer  class='entry-footer'><\/footer><\/article><div class=\"av-milestone-icon-wrap\"><span class='milestone_icon avia-font-entypo-fontello' ><span class='milestone_inner' ><i class='milestone-char' aria-hidden='true' data-av_icon='\ue80b' data-av_iconfont='entypo-fontello'><\/i><\/span><\/span><\/div><h2 class='av-milestone-date  '  id='milestone-4'><strong>4<span class='av-milestone-indicator'><\/span><\/strong><\/h2><\/li>\n<li class='av-milestone av-animated-generic fade-in av-milestone-odd  av-milestone-valign-baseline'><h2 class='av-milestone-date  '  id='milestone-5'><strong>5<span class='av-milestone-indicator'style='background-color:#b02b2c; '><\/span><\/strong><\/h2><div class=\"av-milestone-icon-wrap\"><span class='milestone_icon avia-font-entypo-fontello' ><span class='milestone_inner' style='background-color:#b02b2c; '><i class='milestone-char' aria-hidden='true' data-av_icon='\ue812' data-av_iconfont='entypo-fontello'><\/i><\/span><\/span><\/div><article class='av-milestone-content-wrap'><div class='av-milestone-contentbox' ><header class=\"entry-content-header\"><h4  class=' '>D\u00e9cision finale<\/h4><\/header><div class='av-milestone-content' ><p>La commission d\u2019achat, compos\u00e9e d&rsquo;adh\u00e9rents et de membres de l&rsquo;\u00e9quipe du groupement, <strong>d\u00e9cide<\/strong><b>\u00a0<\/b>du r\u00e9f\u00e9rencement ou non du fournisseur re\u00e7u pour une <strong>p\u00e9riode d\u00e9finie<\/strong>. L&rsquo;\u00e9quipe du GIE EROSI <strong>finalise<\/strong> ensuite la contractualisation et assure le suivi de la relation fournisseur.<\/p>\n<\/div><\/div><footer style='background-color:#b02b2c; ' class='entry-footer'><\/footer><\/article><\/li>\n<\/ul><\/div><\/p><\/div>\n","protected":false},"excerpt":{"rendered":"","protected":false},"author":1,"featured_media":0,"parent":0,"menu_order":0,"comment_status":"closed","ping_status":"closed","template":"","meta":[],"_links":{"self":[{"href":"https:\/\/www.erosi.fr\/index.php\/wp-json\/wp\/v2\/pages\/894"}],"collection":[{"href":"https:\/\/www.erosi.fr\/index.php\/wp-json\/wp\/v2\/pages"}],"about":[{"href":"https:\/\/www.erosi.fr\/index.php\/wp-json\/wp\/v2\/types\/page"}],"author":[{"embeddable":true,"href":"https:\/\/www.erosi.fr\/index.php\/wp-json\/wp\/v2\/users\/1"}],"replies":[{"embeddable":true,"href":"https:\/\/www.erosi.fr\/index.php\/wp-json\/wp\/v2\/comments?post=894"}],"version-history":[{"count":115,"href":"https:\/\/www.erosi.fr\/index.php\/wp-json\/wp\/v2\/pages\/894\/revisions"}],"predecessor-version":[{"id":1440,"href":"https:\/\/www.erosi.fr\/index.php\/wp-json\/wp\/v2\/pages\/894\/revisions\/1440"}],"wp:attachment":[{"href":"https:\/\/www.erosi.fr\/index.php\/wp-json\/wp\/v2\/media?parent=894"}],"curies":[{"name":"wp","href":"https:\/\/api.w.org\/{rel}","templated":true}]}}