{"id":670,"date":"2019-06-18T11:11:57","date_gmt":"2019-06-18T09:11:57","guid":{"rendered":"http:\/\/54.37.83.197\/?page_id=670"},"modified":"2020-01-09T13:50:55","modified_gmt":"2020-01-09T12:50:55","slug":"mentions-legales","status":"publish","type":"page","link":"https:\/\/www.erosi.fr\/index.php\/mentions-legales\/","title":{"rendered":"Mentions l\u00e9gales"},"content":{"rendered":"<div id='av_section_1' class='avia-section main_color avia-section-default avia-no-border-styling avia-full-stretch av-parallax-section av-section-color-overlay-active avia-bg-style-parallax  avia-builder-el-0  el_before_av_textblock  avia-builder-el-first    av-minimum-height av-minimum-height-custom  container_wrap sidebar_right' style=' '  data-section-bg-repeat='stretch'><div class='av-parallax' data-avia-parallax-ratio='0.3' ><div class='av-parallax-inner main_color  avia-full-stretch' style = 'background-repeat: no-repeat; background-image: url(https:\/\/www.erosi.fr\/wp-content\/uploads\/2020\/01\/illustration-lahonce1.png);background-attachment: scroll; background-position: bottom center; ' ><\/div><\/div><div class='av-section-color-overlay-wrap'><div class='av-section-color-overlay' style='opacity: 0.5; background-image: url(https:\/\/www.erosi.fr\/wp-content\/themes\/enfold\/images\/background-images\/wool-diagonal-for-light-background.png); background-repeat: repeat;'><\/div><div class='container' style='height:300px'><main  role=\"main\" itemprop=\"mainContentOfPage\"  class='template-page content  av-content-small alpha units'><div class='post-entry post-entry-type-page post-entry-670'><div class='entry-content-wrapper clearfix'>\n<div style='padding-bottom:10px; color:#ffffff;' class='av-special-heading av-special-heading-h3 custom-color-heading blockquote modern-quote  avia-builder-el-1  avia-builder-el-no-sibling   '><h3 class='av-special-heading-tag '  itemprop=\"headline\"  >MENTIONS L\u00c9GALES<\/h3><div class='special-heading-border'><div class='special-heading-inner-border' style='border-color:#ffffff'><\/div><\/div><\/div>\n<\/div><\/div><\/main><!-- close content main element --><\/div><\/div><\/div><div id='after_section_1' class='main_color av_default_container_wrap container_wrap sidebar_right' style=' '  ><div class='container' ><div class='template-page content  av-content-small alpha units'><div class='post-entry post-entry-type-page post-entry-670'><div class='entry-content-wrapper clearfix'>\n<section class=\"av_textblock_section \"  itemscope=\"itemscope\" itemtype=\"https:\/\/schema.org\/CreativeWork\" ><div class='avia_textblock  '   itemprop=\"text\" ><ul>\n<li><strong>SITE WEB<\/strong> : www.erosi.fr<\/li>\n<li><strong>PUBLICATION DU SITE <\/strong><br \/>\nDirecteur de la publication : GIE EROSI<br \/>\nGroupement d&rsquo;Int\u00e9r\u00eat Economique EROSI, Zone Industrielle, 90 all\u00e9e du Four \u00e0 Chaux, 64 990 Lahonce, T\u00e9l.: 05 59 63 69 67, Mail: contact(at)erosi.fr<br \/>\nN\u00b0 SIREN 489 976 043 &#8211; RCS Bayonne Code APE 8299Z<\/li>\n<li><b>R\u00c9ALISATION DU SITE\u00a0<\/b><br \/>\nGIE EROSI Zone Industrielle, 90 all\u00e9e du Four \u00e0 Chaux, 64 990 Lahonce &#8211; Le site utilise le CMS WordPress.<\/li>\n<li><strong>H\u00c9BERGEMENT SITE<\/strong><br \/>\nLa r\u00e9servation du nom de domaine (erosi.fr) a \u00e9t\u00e9 effectu\u00e9e via OVH, conform\u00e9ment aux dispositions en vigueur.<br \/>\nOVH SAS , RCS Roubaix &#8211; Tourcoing 424 761 419 00045 &#8211;\u00a0Code APE 6202A &#8211; N\u00b0 TVA : FR 22 424 761 419<br \/>\nSi\u00e8ge social : 2 rue Kellermann &#8211; 59100 Roubaix &#8211; France<\/li>\n<li><strong>RESPONSABILIT\u00c9 TECHNIQUE<\/strong><br \/>\nGIE EROSI d\u00e9cline toute responsabilit\u00e9 en cas de difficult\u00e9 d&rsquo;acc\u00e8s \u00e0 son site ou d&rsquo;interruption dans la connexion, quelles qu&rsquo;en soient les causes. Le site www.erosi.fr est mis \u00e0 jour r\u00e9guli\u00e8rement par le GIE EROSI. De la m\u00eame fa\u00e7on, les mentions l\u00e9gales peuvent \u00eatre modifi\u00e9es \u00e0 tout moment : l\u2019utilisateur est invit\u00e9 \u00e0 s\u2019y r\u00e9f\u00e9rer le plus souvent possible afin d\u2019en prendre connaissance.<\/li>\n<li><strong>DROIT APPLICABLE ET ATTRIBUTION DE JURIDICTION<\/strong><br \/>\nTout litige en relation avec l\u2019utilisation du site www.erosi.fr est soumis au droit fran\u00e7ais. Il est fait attribution exclusive de juridiction au tribunal comp\u00e9tent de Bayonne.<\/li>\n<li><b>PROPRI\u00c9T\u00c9 INTELLECTUELLE ET\u00a0CONTREFA\u00c7ONS<\/b><br \/>\nLe GIE EROSI est propri\u00e9taire des droits de propri\u00e9t\u00e9 intellectuelle ou d\u00e9tient les droits d\u2019usage sur tous les \u00e9l\u00e9ments accessibles sur le site, notamment les textes, images, graphismes, logo, ic\u00f4nes, sons, logiciels. Toute reproduction, repr\u00e9sentation, modification, publication, adaptation de tout ou partie des \u00e9l\u00e9ments du site, quel que soit le moyen ou le proc\u00e9d\u00e9 utilis\u00e9, est interdite, sauf autorisation \u00e9crite pr\u00e9alable du GIE EROSI, Zone Industrielle, 90 all\u00e9e du Four \u00e0 Chaux, 64 990 Lahonce.<\/li>\n<li><strong>LIEN HYPERTEXTE<\/strong><br \/>\nTout lien vers le site du GIE EROSI doit faire l&rsquo;objet d&rsquo;une demande pr\u00e9alable au webmaster : contact(at)erosi.fr.<\/li>\n<li><strong>COOKIES<br \/>\n<\/strong>Le site visit\u00e9 utilise des traceurs (cookies). Un cookie est une suite d&rsquo;informations envoy\u00e9e par un site Internet \u00e0 un ordinateur sous la forme d\u2019un petit fichier de donn\u00e9es. Le GIE EROSI utilise ces traceurs pour <span id=\"u18638-128\">r\u00e9aliser des statistiques anonymes de visites<\/span>. Les cookies ne sont en aucun cas utilis\u00e9s pour collecter des informations personnelles. Ces traceurs ne peuvent pas, techniquement, \u00eatre d\u00e9sactiv\u00e9s depuis le site. L&rsquo;utilisateur peut n\u00e9anmoins s&rsquo;opposer \u00e0 l&rsquo;utilisation de ces traceurs, exclusivement en param\u00e9trant le navigateur. Ce param\u00e9trage d\u00e9pend du navigateur utilis\u00e9. Il se peut que des traceurs aient \u00e9t\u00e9 enregistr\u00e9s sur le p\u00e9riph\u00e9rique de l&rsquo;utilisateur avant le param\u00e9trage du navigateur : dans ce cas il est recommand\u00e9 d&rsquo;effacer l&rsquo;historique de navigation, toujours en utilisant le param\u00e9trage du navigateur.<\/li>\n<li><b>DONN\u00c9ES PERSONNELLES<\/b><br \/>\nEn application de la loi n\u00b078-19 du 6 janvier 1978, l&rsquo;utilisateur dispose d&rsquo;un droit d&rsquo;acc\u00e8s, d&rsquo;opposition et de rectification des donn\u00e9es le concernant. Il peut \u00e0 tout moment exercer ce droit en adressant une demande par courrier \u00e0 l&rsquo;adresse suivante : GIE EROSI, Zone Industrielle, 90 all\u00e9e du Four \u00e0 Chaux, 64 990 Lahonce, accompagn\u00e9e d\u2019une copie du titre d\u2019identit\u00e9 avec signature du titulaire de la pi\u00e8ce, en pr\u00e9cisant l\u2019adresse \u00e0 laquelle la r\u00e9ponse doit \u00eatre envoy\u00e9e.<\/li>\n<li><strong>EXPLOITATION DES DONN\u00c9ES<\/strong><br \/>\nL&rsquo;utilisateur communique des informations lors de la saisie du formulaire en tout connaissance de cause, notamment lorsqu&rsquo;il proc\u00e8de lui-m\u00eame au remplissage du formulaire de la page \u00ab\u00a0Contact\u00a0\u00bb. Le caract\u00e8re obligatoire ou facultatif des donn\u00e9es est signal\u00e9 \u00e0 l&rsquo;utilisateur lors de la collecte par une ast\u00e9risque. Les donn\u00e9es collect\u00e9es sur le site sont exclusivement destin\u00e9es au GIE EROSI. Aucune information personnelle de l\u2019utilisateur du site www.erosi.fr n\u2019est publi\u00e9e \u00e0 l\u2019insu de l\u2019utilisateur, \u00e9chang\u00e9e, transf\u00e9r\u00e9e, c\u00e9d\u00e9e ou vendue sur un support quelconque \u00e0 des tiers.<\/li>\n<\/ul>\n<p style=\"text-align: left;\"><span style=\"color: #999999;\"><em>Cette page a \u00e9t\u00e9 mise \u00e0 jour le 31 Juillet 2019<\/em><\/span><\/p>\n<\/div><\/section>\n","protected":false},"excerpt":{"rendered":"","protected":false},"author":1,"featured_media":0,"parent":0,"menu_order":0,"comment_status":"closed","ping_status":"closed","template":"","meta":[],"_links":{"self":[{"href":"https:\/\/www.erosi.fr\/index.php\/wp-json\/wp\/v2\/pages\/670"}],"collection":[{"href":"https:\/\/www.erosi.fr\/index.php\/wp-json\/wp\/v2\/pages"}],"about":[{"href":"https:\/\/www.erosi.fr\/index.php\/wp-json\/wp\/v2\/types\/page"}],"author":[{"embeddable":true,"href":"https:\/\/www.erosi.fr\/index.php\/wp-json\/wp\/v2\/users\/1"}],"replies":[{"embeddable":true,"href":"https:\/\/www.erosi.fr\/index.php\/wp-json\/wp\/v2\/comments?post=670"}],"version-history":[{"count":29,"href":"https:\/\/www.erosi.fr\/index.php\/wp-json\/wp\/v2\/pages\/670\/revisions"}],"predecessor-version":[{"id":1430,"href":"https:\/\/www.erosi.fr\/index.php\/wp-json\/wp\/v2\/pages\/670\/revisions\/1430"}],"wp:attachment":[{"href":"https:\/\/www.erosi.fr\/index.php\/wp-json\/wp\/v2\/media?parent=670"}],"curies":[{"name":"wp","href":"https:\/\/api.w.org\/{rel}","templated":true}]}}