{"id":421,"date":"2014-08-29T01:32:00","date_gmt":"2014-08-29T01:32:00","guid":{"rendered":"http:\/\/wp\/?page_id=2"},"modified":"2023-05-09T15:06:34","modified_gmt":"2023-05-09T13:06:34","slug":"sample-page","status":"publish","type":"page","link":"https:\/\/www.erosi.fr\/index.php\/sample-page\/","title":{"rendered":"Frontpage"},"content":{"rendered":"<div id='av_section_1' class='avia-section main_color avia-section-default avia-no-border-styling avia-bg-style-scroll  avia-builder-el-0  el_before_av_layout_row  avia-builder-el-first   av-arrow-down-section av-minimum-height av-minimum-height-custom  container_wrap sidebar_right' style='background-color: #af3a3a;  '  ><div class='container' style='height:430px'><main  role=\"main\" itemprop=\"mainContentOfPage\"  class='template-page content  av-content-small alpha units'><div class='post-entry post-entry-type-page post-entry-421'><div class='entry-content-wrapper clearfix'>\n<div style='padding-bottom:30px; color:#ffffff;font-size:40px;' class='av-special-heading av-special-heading-h2 custom-color-heading blockquote modern-quote  avia-builder-el-1  avia-builder-el-no-sibling   av-inherit-size '><h2 class='av-special-heading-tag '  itemprop=\"headline\"  >Groupement d\u2019achats agroalimentaire<\/h2><div class ='av-subheading av-subheading_below av_custom_color ' style='font-size:16px;'><p>Une \u00e9quipe \u00e0 l&rsquo;\u00e9coute de ses adh\u00e9rents<\/p>\n<\/div><div class='special-heading-border'><div class='special-heading-inner-border' style='border-color:#ffffff'><\/div><\/div><\/div>\n\n<\/div><\/div><\/main><!-- close content main element --><\/div><div class='av-extra-border-element border-extra-arrow-down'><div class='av-extra-border-outer'><div class='av-extra-border-inner'  style='background-color:#af3a3a;' ><\/div><\/div><\/div><\/div><div id='av-layout-grid-1' class='av-layout-grid-container entry-content-wrapper main_color av-flex-cells     avia-builder-el-2  el_after_av_section  el_before_av_section  submenu-not-first container_wrap sidebar_right' style=' '  >\n<div class=\"flex_cell no_margin av_one_half  avia-builder-el-3  el_before_av_cell_one_half  avia-builder-el-first   \" ><div class='flex_cell_inner' ><\/div><\/div> <div class=\"flex_cell no_margin av_one_half  avia-builder-el-4  el_after_av_cell_one_half  avia-builder-el-last   \" ><div class='flex_cell_inner' ><\/div><\/div>\n<\/div>\n<div id='av_section_2' class='avia-section main_color avia-section-large avia-no-border-styling avia-bg-style-scroll  avia-builder-el-5  el_after_av_layout_row  el_before_av_layout_row    av-arrow-down-section container_wrap sidebar_right' style=' '  ><div class='container' ><div class='template-page content  av-content-small alpha units'><div class='post-entry post-entry-type-page post-entry-421'><div class='entry-content-wrapper clearfix'>\n<div class=\"flex_column av_one_fifth  flex_column_div first  avia-builder-el-6  el_before_av_three_fifth  avia-builder-el-first  \" ><\/div><div class=\"flex_column av_three_fifth  flex_column_div   avia-builder-el-7  el_after_av_one_fifth  el_before_av_one_fifth  \" ><div style='padding-bottom:10px; ' class='av-special-heading av-special-heading-h2  blockquote modern-quote modern-centered  avia-builder-el-8  avia-builder-el-no-sibling   '><h2 class='av-special-heading-tag '  itemprop=\"headline\"  >\u00ab\u00a0Euskal Herritik Erosi\u00a0\u00bb<\/h2><div class ='av-subheading av-subheading_below  ' style='font-size:15px;'><p>Les achats depuis le Pays Basque<\/p>\n<\/div><div class='special-heading-border'><div class='special-heading-inner-border' ><\/div><\/div><\/div><\/div><div class=\"flex_column av_one_fifth  flex_column_div   avia-builder-el-9  el_after_av_three_fifth  el_before_av_one_fifth  \" ><\/div><div class=\"flex_column av_one_fifth  flex_column_div first  avia-builder-el-10  el_after_av_one_fifth  el_before_av_three_fifth  column-top-margin\" ><\/div><div class=\"flex_column av_three_fifth  flex_column_div   avia-builder-el-11  el_after_av_one_fifth  el_before_av_one_fifth  column-top-margin\" ><div style='padding-bottom:10px; ' class='av-special-heading av-special-heading-h2  blockquote modern-quote modern-centered  avia-builder-el-12  avia-builder-el-no-sibling   '><h2 class='av-special-heading-tag '  itemprop=\"headline\"  >Cr\u00e9\u00e9 en 2005<\/h2><div class ='av-subheading av-subheading_below  ' style='font-size:15px;'><p>PAR ses adh\u00e9rents, POUR ses adh\u00e9rents<\/p>\n<\/div><div class='special-heading-border'><div class='special-heading-inner-border' ><\/div><\/div><\/div><\/div><div class=\"flex_column av_one_fifth  flex_column_div   avia-builder-el-13  el_after_av_three_fifth  el_before_av_hr  column-top-margin\" ><\/div><div style=' margin-top:30px; margin-bottom:47px;'  class='hr hr-custom hr-center hr-icon-no   avia-builder-el-14  el_after_av_one_fifth  el_before_av_one_half '><span class='hr-inner   inner-border-av-border-thin' style=' width:50px;' ><span class='hr-inner-style'><\/span><\/span><\/div>\n<div class=\"flex_column av_one_half  flex_column_div av-zero-column-padding first  avia-builder-el-15  el_after_av_hr  el_before_av_one_half  \" style='background: #ffffff; background-color:#ffffff; border-radius:0px; '><article class=\"iconbox iconbox_left_content    avia-builder-el-16  avia-builder-el-no-sibling   \"  itemscope=\"itemscope\" itemtype=\"https:\/\/schema.org\/CreativeWork\" ><div class=\"iconbox_icon heading-color \" aria-hidden='true' data-av_icon='\ue80b' data-av_iconfont='entypo-fontello'  style='border:1px solid #b02b2c; color:#b02b2c; ' ><\/div><div class=\"iconbox_content\"><header class=\"entry-content-header\"><h3 class='iconbox_content_title  '  itemprop=\"headline\"  >59 Soci\u00e9t\u00e9s Adh\u00e9rentes<\/h3><\/header><div class='iconbox_content_container  '  itemprop=\"text\"  ><h5><\/h5>\n<h6><\/h6>\n<p>Les adh\u00e9rents du GIE EROSI sont des entreprises agroalimentaires implant\u00e9es au Pays Basque, Sud des Landes et B\u00e9arn exer\u00e7ant des activit\u00e9s dans des domaines vari\u00e9es : m\u00e9tier de la viande, salaison, canard, saumon, produit laitier, conserve, abattoir, s\u00e9choir, atelier de d\u00e9coupe, condiment, chocolat, confiserie, p\u00e2tisserie, confiture, vin, bi\u00e8re, cidre.<\/p>\n<\/div><\/div><footer class=\"entry-footer\"><\/footer><\/article><\/div><div class=\"flex_column av_one_half  flex_column_div av-zero-column-padding   avia-builder-el-17  el_after_av_one_half  avia-builder-el-last  \" style='background: #ffffff; background-color:#ffffff; border-radius:0px; '><article class=\"iconbox iconbox_left_content    avia-builder-el-18  avia-builder-el-no-sibling  \"  itemscope=\"itemscope\" itemtype=\"https:\/\/schema.org\/CreativeWork\" ><div class=\"iconbox_icon heading-color \" aria-hidden='true' data-av_icon='\ue859' data-av_iconfont='entypo-fontello'  style='border:1px solid #b02b2c; color:#b02b2c; ' ><\/div><div class=\"iconbox_content\"><header class=\"entry-content-header\"><h3 class='iconbox_content_title  '  itemprop=\"headline\"  >+ de 40 Familles d\u2019Achats<\/h3><\/header><div class='iconbox_content_container  '  itemprop=\"text\"  ><p>Du transport aux achats de production, de l\u2019emballage aux services g\u00e9n\u00e9raux en passant par les \u00e9quipements, le GIE EROSI traite et n\u00e9gocie plus de 40 familles d\u2019achats afin de r\u00e9pondre aux besoins et \u00e9volutions de ses membres.<\/p>\n<\/div><\/div><footer class=\"entry-footer\"><\/footer><\/article><\/div><\/div><\/div><\/div><!-- close content main div --><\/div><div class='av-extra-border-element border-extra-arrow-down'><div class='av-extra-border-outer'><div class='av-extra-border-inner'  style='background-color:#ffffff;' ><\/div><\/div><\/div><\/div><div id='av-layout-grid-2' class='av-layout-grid-container entry-content-wrapper main_color av-flex-cells     avia-builder-el-19  el_after_av_section  el_before_av_section  submenu-not-first container_wrap sidebar_right' style=' '  >\n<div class=\"flex_cell no_margin av_one_half  avia-builder-el-20  el_before_av_cell_one_half  avia-builder-el-first   \" style='background: #af3a3a; vertical-align:top; padding:30px; background-color:#af3a3a; '><div class='flex_cell_inner' ><p><div style='padding-bottom:10px; color:#f9f9f9;' class='av-special-heading av-special-heading-h2 custom-color-heading blockquote modern-quote modern-centered  avia-builder-el-21  el_before_av_textblock  avia-builder-el-first   '><div class ='av-subheading av-subheading_above av_custom_color ' style='font-size:15px;'><p>Vous souhaitez<\/p>\n<\/div><h2 class='av-special-heading-tag '  itemprop=\"headline\"  >DEVENIR ADH\u00c9RENT ?<\/h2><div class='special-heading-border'><div class='special-heading-inner-border' style='border-color:#f9f9f9'><\/div><\/div><\/div><br \/>\n<section class=\"av_textblock_section \"  itemscope=\"itemscope\" itemtype=\"https:\/\/schema.org\/CreativeWork\" ><div class='avia_textblock  av_inherit_color '  style='color:#ffffff; '  itemprop=\"text\" ><p style=\"text-align: center;\">Toute entreprise agroalimentaire ayant une activit\u00e9 de transformation et\/ou de production, dont le si\u00e8ge social est situ\u00e9 au maximum \u00e0 100km du si\u00e8ge social du GIE EROSI (64990, Lahonce) souhaitant int\u00e9grer le groupement peut d\u00e9poser sa candidature afin de devenir membre.<\/p>\n<\/div><\/section><br \/>\n<div style='height:50px' class='hr hr-invisible   avia-builder-el-23  el_after_av_textblock  el_before_av_button '><span class='hr-inner ' ><span class='hr-inner-style'><\/span><\/span><\/div><br \/>\n<div class='avia-button-wrap avia-button-center  avia-builder-el-24  el_after_av_hr  avia-builder-el-last  '><a href='http:\/\/54.37.83.197\/index.php\/devenir-adherent\/'  class='avia-button   avia-icon_select-yes-left-icon avia-color-custom avia-size-medium avia-position-center '  style='background-color:#7c7c7c; border-color:#7c7c7c; color:#ffffff; ' ><span class='avia_button_icon avia_button_icon_left ' aria-hidden='true' data-av_icon='\ue85d' data-av_iconfont='entypo-fontello'><\/span><span class='avia_iconbox_title' >RENSEIGNEMENTS<\/span><\/a><\/div><\/p>\n<\/div><\/div><div class=\"flex_cell no_margin av_one_half  avia-builder-el-25  el_after_av_cell_one_half  avia-builder-el-last    \" style='background: #e2e2e2; vertical-align:top; padding:30px; background-color:#e2e2e2; '><div class='flex_cell_inner' ><p><div style='padding-bottom:10px; color:#0a0a0a;' class='av-special-heading av-special-heading-h2 custom-color-heading blockquote modern-quote modern-centered  avia-builder-el-26  el_before_av_textblock  avia-builder-el-first   '><div class ='av-subheading av-subheading_above av_custom_color ' style='font-size:15px;'><p>Vous souhaitez<\/p>\n<\/div><h2 class='av-special-heading-tag '  itemprop=\"headline\"  >DEVENIR FOURNISSEUR R\u00c9F\u00c9RENC\u00c9 ?<\/h2><div class='special-heading-border'><div class='special-heading-inner-border' style='border-color:#0a0a0a'><\/div><\/div><\/div><br \/>\n<section class=\"av_textblock_section \"  itemscope=\"itemscope\" itemtype=\"https:\/\/schema.org\/CreativeWork\" ><div class='avia_textblock  av_inherit_color '  style='color:#000000; '  itemprop=\"text\" ><p style=\"text-align: center;\">Etre un fournisseur r\u00e9f\u00e9renc\u00e9 aupr\u00e8s du GIE EROSI permet de d\u00e9velopper son activit\u00e9 en acc\u00e9dant \u00e0 un march\u00e9 consolid\u00e9 de plusieurs entreprises et d\u2019optimiser la d\u00e9marche commerciale gr\u00e2ce au recensement global des besoins dans les appels d\u2019offres du groupement.<\/p>\n<\/div><\/section><br \/>\n<div style='height:50px' class='hr hr-invisible   avia-builder-el-28  el_after_av_textblock  el_before_av_button '><span class='hr-inner ' ><span class='hr-inner-style'><\/span><\/span><\/div><br \/>\n<div class='avia-button-wrap avia-button-center  avia-builder-el-29  el_after_av_hr  avia-builder-el-last  '><a href='http:\/\/54.37.83.197\/index.php\/devenir-fournisseur\/'  class='avia-button   avia-icon_select-yes-left-icon avia-color-custom avia-size-medium avia-position-center '  style='background-color:#fcfcfc; border-color:#fcfcfc; color:#000000; ' ><span class='avia_button_icon avia_button_icon_left ' aria-hidden='true' data-av_icon='\ue85d' data-av_iconfont='entypo-fontello'><\/span><span class='avia_iconbox_title' >RENSEIGNEMENTS<\/span><\/a><\/div><\/p>\n<\/div><\/div>\n<\/div><\/p>\n<div id='av_section_3' class='avia-section main_color avia-section-large avia-no-border-styling avia-bg-style-scroll  avia-builder-el-30  el_after_av_layout_row  el_before_av_section   av-arrow-down-section container_wrap sidebar_right' style='background-color: #ffffff;  '  ><div class='container' ><div class='template-page content  av-content-small alpha units'><div class='post-entry post-entry-type-page post-entry-421'><div class='entry-content-wrapper clearfix'>\n<div style='padding-bottom:10px; ' class='av-special-heading av-special-heading-h2  blockquote modern-quote modern-centered  avia-builder-el-31  el_before_av_textblock  avia-builder-el-first   '><div class ='av-subheading av-subheading_above  ' style='font-size:15px;'><p>Une collaboration<\/p>\n<\/div><h2 class='av-special-heading-tag '  itemprop=\"headline\"  >Partenaires<\/h2><div class='special-heading-border'><div class='special-heading-inner-border' ><\/div><\/div><\/div>\n<section class=\"av_textblock_section \"  itemscope=\"itemscope\" itemtype=\"https:\/\/schema.org\/CreativeWork\" ><div class='avia_textblock  '   itemprop=\"text\" ><p style=\"text-align: center;\"><a href=\"http:\/\/www.aria-nouvelle-aquitaine.com\/index.html\" target=\"_blank\" rel=\"noopener\"><img decoding=\"async\" loading=\"lazy\" class=\"alignnone wp-image-586 size-thumbnail\" src=\"http:\/\/erosi.gregmenager.com\/wp-content\/uploads\/2019\/04\/logo-aria-300x300px-80x80.png\" alt=\"\" width=\"80\" height=\"80\" \/><\/a> \u00a0 \u00a0 \u00a0 \u00a0 \u00a0 \u00a0 \u00a0 \u00a0 \u00a0<a href=\"https:\/\/www.pouyanne.fr\/\" target=\"_blank\" rel=\"noopener\"><img decoding=\"async\" loading=\"lazy\" class=\"alignnone wp-image-587 \" src=\"http:\/\/erosi.gregmenager.com\/wp-content\/uploads\/2019\/04\/logo-banque-pouyanne-300x300px-80x80.png\" alt=\"\" width=\"92\" height=\"92\" \/><\/a><\/p>\n<\/div><\/section>\n\n<\/div><\/div><\/div><!-- close content main div --><\/div><div class='av-extra-border-element border-extra-arrow-down'><div class='av-extra-border-outer'><div class='av-extra-border-inner'  style='background-color:#ffffff;' ><\/div><\/div><\/div><\/div><div id='av_section_4' class='avia-section main_color avia-section-default avia-no-border-styling avia-bg-style-scroll  avia-builder-el-33  el_after_av_section  avia-builder-el-last    container_wrap sidebar_right' style='background-color: #e2e2e2;  '  ><div class='container' ><div class='template-page content  av-content-small alpha units'><div class='post-entry post-entry-type-page post-entry-421'><div class='entry-content-wrapper clearfix'>\n<div style='padding-bottom:10px; ' class='av-special-heading av-special-heading-h2  blockquote modern-quote modern-centered  avia-builder-el-34  el_before_av_testimonials  avia-builder-el-first   '><div class ='av-subheading av-subheading_above  ' style='font-size:15px;'><p>Ce qu&rsquo;ils pensent du groupement<\/p>\n<\/div><h2 class='av-special-heading-tag '  itemprop=\"headline\"  >T\u00e9moignages<\/h2><div class='special-heading-border'><div class='special-heading-inner-border' ><\/div><\/div><\/div>\n<div  data-autoplay='1'  data-interval='5'  data-animation='fade'  data-hoverpause='1'  class='avia-testimonial-wrapper avia-slider-testimonials avia-slider-2-testimonials avia_animate_when_almost_visible  av-large-testimonial-slider  '>\n<section class ='avia-testimonial-row'><div class='avia-testimonial av_one_half flex_column no_margin avia-testimonial-row-1 avia-first-testimonial'  itemscope=\"itemscope\" itemtype=\"https:\/\/schema.org\/Person\" ><div class='avia-testimonial_inner'><div class='avia-testimonial-content '    itemscope=\"itemscope\" itemtype=\"https:\/\/schema.org\/CreativeWork\" ><p>L&rsquo;adaptation au march\u00e9, les nouvelles contraintes environnementales, les opportunit\u00e9s de croissance nous ont incit\u00e9 \u00e0 nous regrouper.<\/p>\n<\/div><div class='avia-testimonial-meta'><div class='avia-testimonial-arrow-wrap'><div class='avia-arrow'><\/div><\/div><div class='avia-testimonial-image'  itemprop=\"image\"  ><\/div><div class='avia-testimonial-meta-mini'><strong  class='avia-testimonial-name'    itemprop=\"name\" >Adh\u00e9rent fondateur<\/strong><span  class='avia-testimonial-subtitle '    itemprop=\"jobTitle\" >G\u00e9rant d\u2019une entreprise de salaison<\/span><\/div><\/div><\/div><\/div>\n<div class='avia-testimonial av_one_half flex_column no_margin avia-testimonial-row-1 '  itemscope=\"itemscope\" itemtype=\"https:\/\/schema.org\/Person\" ><div class='avia-testimonial_inner'><div class='avia-testimonial-content '    itemscope=\"itemscope\" itemtype=\"https:\/\/schema.org\/CreativeWork\" ><p style=\"text-align: center;\">Un gain de temps car un seul interlocuteur pour les n\u00e9gociations !<\/p>\n<\/div><div class='avia-testimonial-meta'><div class='avia-testimonial-arrow-wrap'><div class='avia-arrow'><\/div><\/div><div class='avia-testimonial-image'  itemprop=\"image\"  ><\/div><div class='avia-testimonial-meta-mini'><strong  class='avia-testimonial-name'    itemprop=\"name\" >Directeur commercial<\/strong><span  class='avia-testimonial-subtitle '    itemprop=\"jobTitle\" >Fournisseur r\u00e9f\u00e9renc\u00e9 par le GIE EROSI dans le domaine de l\u2019hygi\u00e8ne<\/span><\/div><\/div><\/div><\/div>\n<\/section><div class='avia-slideshow-arrows avia-slideshow-controls' ><a href='#prev' class='prev-slide' aria-hidden='true' data-av_icon='\ue87c' data-av_iconfont='entypo-fontello'>Pr\u00e9c\u00e9dent<\/a><a href='#next' class='next-slide' aria-hidden='true' data-av_icon='\ue87d' data-av_iconfont='entypo-fontello'>Suivant<\/a><\/div><\/div>\n<\/div><\/div><\/div><!-- close content main div --><\/div><\/div><div id='after_section_4' class='main_color av_default_container_wrap container_wrap sidebar_right' style=' '  ><div class='container' ><div class='template-page content  av-content-small alpha units'><div class='post-entry post-entry-type-page post-entry-421'><div class='entry-content-wrapper clearfix'>\n","protected":false},"excerpt":{"rendered":"<p>\t\t\t\t<![CDATA[]]>\t\t<\/p>\n","protected":false},"author":2,"featured_media":0,"parent":0,"menu_order":0,"comment_status":"closed","ping_status":"open","template":"","meta":[],"_links":{"self":[{"href":"https:\/\/www.erosi.fr\/index.php\/wp-json\/wp\/v2\/pages\/421"}],"collection":[{"href":"https:\/\/www.erosi.fr\/index.php\/wp-json\/wp\/v2\/pages"}],"about":[{"href":"https:\/\/www.erosi.fr\/index.php\/wp-json\/wp\/v2\/types\/page"}],"author":[{"embeddable":true,"href":"https:\/\/www.erosi.fr\/index.php\/wp-json\/wp\/v2\/users\/2"}],"replies":[{"embeddable":true,"href":"https:\/\/www.erosi.fr\/index.php\/wp-json\/wp\/v2\/comments?post=421"}],"version-history":[{"count":18,"href":"https:\/\/www.erosi.fr\/index.php\/wp-json\/wp\/v2\/pages\/421\/revisions"}],"predecessor-version":[{"id":1476,"href":"https:\/\/www.erosi.fr\/index.php\/wp-json\/wp\/v2\/pages\/421\/revisions\/1476"}],"wp:attachment":[{"href":"https:\/\/www.erosi.fr\/index.php\/wp-json\/wp\/v2\/media?parent=421"}],"curies":[{"name":"wp","href":"https:\/\/api.w.org\/{rel}","templated":true}]}}