{"id":35,"date":"2014-08-29T02:09:43","date_gmt":"2014-08-29T02:09:43","guid":{"rendered":"http:\/\/wp\/?page_id=35"},"modified":"2023-11-30T09:55:20","modified_gmt":"2023-11-30T08:55:20","slug":"contact","status":"publish","type":"page","link":"https:\/\/www.erosi.fr\/index.php\/contact\/","title":{"rendered":"Contact"},"content":{"rendered":"<div id='av_section_1' class='avia-section main_color avia-section-no-padding avia-no-border-styling avia-full-stretch av-parallax-section av-section-color-overlay-active avia-bg-style-parallax  avia-builder-el-0  el_before_av_layout_row  avia-builder-el-first    av-arrow-down-section av-minimum-height av-minimum-height-custom  container_wrap sidebar_right' style='background-color: #c7c7c7;  '  data-section-bg-repeat='stretch'><div class='av-parallax' data-avia-parallax-ratio='0.3' ><div class='av-parallax-inner main_color  avia-full-stretch' style = 'background-color: #c7c7c7; background-repeat: no-repeat; background-image: url(https:\/\/www.erosi.fr\/wp-content\/uploads\/2019\/09\/image-paysage1-1500x1000pxV2.jpg);background-attachment: scroll; background-position: bottom left; ' ><\/div><\/div><div class='av-section-color-overlay-wrap'><div class='av-section-color-overlay' style='opacity: 0.5; background-image: url(https:\/\/www.erosi.fr\/wp-content\/themes\/enfold\/images\/background-images\/wool-diagonal-for-dark-background.png); background-repeat: repeat;'><\/div><div class='container' style='height:300px'><main  role=\"main\" itemprop=\"mainContentOfPage\"  class='template-page content  av-content-small alpha units'><div class='post-entry post-entry-type-page post-entry-35'><div class='entry-content-wrapper clearfix'>\n<div style='padding-bottom:60px; color:#ffffff;font-size:35px;' class='av-special-heading av-special-heading-h5 custom-color-heading blockquote modern-quote  avia-builder-el-1  el_before_av_textblock  avia-builder-el-first   av-inherit-size '><h5 class='av-special-heading-tag '  itemprop=\"headline\"  >PRENEZ CONTACT<\/h5><div class='special-heading-border'><div class='special-heading-inner-border' style='border-color:#ffffff'><\/div><\/div><\/div>\n<section class=\"av_textblock_section \"  itemscope=\"itemscope\" itemtype=\"https:\/\/schema.org\/CreativeWork\" ><div class='avia_textblock  av_inherit_color '   itemprop=\"text\" ><h5 style=\"text-align: left;\"><span style=\"color: #ffffff;\"><em><\/p>\n<p>L\u2019Adour, la confluence des Landes et des Pyr\u00e9n\u00e9es Atlantiques<\/em><\/span><\/h5>\n<\/div><\/section>\n\n<\/div><\/div><\/main><!-- close content main element --><\/div><div class='av-extra-border-element border-extra-arrow-down'><div class='av-extra-border-outer'><div class='av-extra-border-inner'  style='background-color:#c7c7c7;' ><\/div><\/div><\/div><\/div><\/div><div id='av-layout-grid-1' class='av-layout-grid-container entry-content-wrapper main_color av-flex-cells     avia-builder-el-3  el_after_av_section  el_before_av_layout_row  submenu-not-first container_wrap sidebar_right' style=' '  >\n<div class=\"flex_cell no_margin av_one_full  avia-builder-el-4  avia-builder-el-no-sibling   \" style='vertical-align:top; padding:60px; '><div class='flex_cell_inner' ><section class=\"av_textblock_section \"  itemscope=\"itemscope\" itemtype=\"https:\/\/schema.org\/CreativeWork\" ><div class='avia_textblock  '   itemprop=\"text\" ><h4 style=\"text-align: center;\"><strong>L&rsquo;\u00e9quipe du G.I.E EROSI vous accueille du Lundi au Vendredi de 9h \u00e0 12h30 et de 13h30 \u00e0 17h.<\/strong><\/h4>\n<h4><\/h4>\n<h4 style=\"text-align: center;\"><strong><br \/>\nGIE EROSI<\/strong><br \/>\n<strong>ZI, 90 all\u00e9e du Four \u00e0 Chaux<\/strong><br \/>\n<strong>64990, Lahonce &#8211; France<\/strong><\/h4>\n<h4><\/h4>\n<h4 style=\"text-align: center;\">+33 (0)5 59 63 69 67<\/h4>\n<h4 style=\"text-align: center;\">contact@erosi.fr<\/h4>\n<h4 style=\"text-align: center;\"><\/h4>\n<\/div><\/section>\n<\/div><\/div><\/div><div id='av-layout-grid-2' class='av-layout-grid-container entry-content-wrapper main_color av-flex-cells     avia-builder-el-6  el_after_av_layout_row  avia-builder-el-last  submenu-not-first container_wrap sidebar_right' style=' '  >\n<div class=\"flex_cell no_margin av_one_full  avia-builder-el-7  avia-builder-el-no-sibling   \" style='background: #ffffff; vertical-align:top; padding:60px; background-color:#ffffff; '><div class='flex_cell_inner' ><p><div style='padding-bottom:10px; ' class='av-special-heading av-special-heading-h3    avia-builder-el-8  el_before_av_textblock  avia-builder-el-first   '><h3 class='av-special-heading-tag '  itemprop=\"headline\"  >NOUS LOCALISER<\/h3><div class='special-heading-border'><div class='special-heading-inner-border' ><\/div><\/div><\/div><br \/>\n<section class=\"av_textblock_section \"  itemscope=\"itemscope\" itemtype=\"https:\/\/schema.org\/CreativeWork\" ><div class='avia_textblock  '   itemprop=\"text\" ><p style=\"text-align: center;\"><iframe loading=\"lazy\" style=\"border: 0;\" src=\"https:\/\/www.google.com\/maps\/embed?pb=!1m18!1m12!1m3!1d2894.571558317056!2d-1.3905359482972313!3d43.490410870856415!2m3!1f0!2f0!3f0!3m2!1i1024!2i768!4f13.1!3m3!1m2!1s0xd51479464cfd2c1%3A0xdcddf360d8d51be7!2s90+All%C3%A9e+du+Four+%C3%80+Chaux%2C+64990+Lahonce!5e0!3m2!1sfr!2sfr!4v1554445444110!5m2!1sfr!2sfr\" width=\"600\" height=\"450\" frameborder=\"0\" allowfullscreen=\"allowfullscreen\"><\/iframe><\/p>\n<\/div><\/section><\/p>\n<\/div><\/div>\n<\/div><\/p>\n","protected":false},"excerpt":{"rendered":"<p>\t\t\t\t<![CDATA[]]>\t\t<\/p>\n","protected":false},"author":2,"featured_media":0,"parent":0,"menu_order":0,"comment_status":"closed","ping_status":"open","template":"","meta":[],"_links":{"self":[{"href":"https:\/\/www.erosi.fr\/index.php\/wp-json\/wp\/v2\/pages\/35"}],"collection":[{"href":"https:\/\/www.erosi.fr\/index.php\/wp-json\/wp\/v2\/pages"}],"about":[{"href":"https:\/\/www.erosi.fr\/index.php\/wp-json\/wp\/v2\/types\/page"}],"author":[{"embeddable":true,"href":"https:\/\/www.erosi.fr\/index.php\/wp-json\/wp\/v2\/users\/2"}],"replies":[{"embeddable":true,"href":"https:\/\/www.erosi.fr\/index.php\/wp-json\/wp\/v2\/comments?post=35"}],"version-history":[{"count":51,"href":"https:\/\/www.erosi.fr\/index.php\/wp-json\/wp\/v2\/pages\/35\/revisions"}],"predecessor-version":[{"id":1495,"href":"https:\/\/www.erosi.fr\/index.php\/wp-json\/wp\/v2\/pages\/35\/revisions\/1495"}],"wp:attachment":[{"href":"https:\/\/www.erosi.fr\/index.php\/wp-json\/wp\/v2\/media?parent=35"}],"curies":[{"name":"wp","href":"https:\/\/api.w.org\/{rel}","templated":true}]}}